{"id":182,"date":"2019-01-01T20:25:10","date_gmt":"2019-01-01T20:25:10","guid":{"rendered":"http:\/\/www.groziodalia.lt\/?page_id=182"},"modified":"2023-10-28T20:33:38","modified_gmt":"2023-10-28T20:33:38","slug":"apie","status":"publish","type":"page","link":"http:\/\/www.groziodalia.lt\/","title":{"rendered":"Sveiki Atvyk\u0119"},"content":{"rendered":"<h6><\/h6>\n<h6><a href=\"http:\/\/www.groziodalia.lt\/wp-content\/uploads\/2019\/04\/55875583_2169659919815211_6953370349337575424_n.jpg\"><img decoding=\"async\" loading=\"lazy\" class=\"alignnone  wp-image-388\" src=\"http:\/\/www.groziodalia.lt\/wp-content\/uploads\/2019\/04\/55875583_2169659919815211_6953370349337575424_n.jpg\" alt=\"\" width=\"960\" height=\"646\" srcset=\"http:\/\/www.groziodalia.lt\/wp-content\/uploads\/2019\/04\/55875583_2169659919815211_6953370349337575424_n.jpg 960w, http:\/\/www.groziodalia.lt\/wp-content\/uploads\/2019\/04\/55875583_2169659919815211_6953370349337575424_n-300x202.jpg 300w, http:\/\/www.groziodalia.lt\/wp-content\/uploads\/2019\/04\/55875583_2169659919815211_6953370349337575424_n-768x517.jpg 768w\" sizes=\"(max-width: 960px) 100vw, 960px\" \/><\/a><a href=\"http:\/\/www.groziodalia.lt\/wp-content\/uploads\/2023\/10\/Grozio-Dalia-2.png\"><img decoding=\"async\" loading=\"lazy\" class=\"alignnone size-full wp-image-497\" src=\"http:\/\/www.groziodalia.lt\/wp-content\/uploads\/2023\/10\/Grozio-Dalia-2.png\" alt=\"\" width=\"1414\" height=\"2000\" srcset=\"http:\/\/www.groziodalia.lt\/wp-content\/uploads\/2023\/10\/Grozio-Dalia-2.png 1414w, http:\/\/www.groziodalia.lt\/wp-content\/uploads\/2023\/10\/Grozio-Dalia-2-212x300.png 212w, http:\/\/www.groziodalia.lt\/wp-content\/uploads\/2023\/10\/Grozio-Dalia-2-724x1024.png 724w, http:\/\/www.groziodalia.lt\/wp-content\/uploads\/2023\/10\/Grozio-Dalia-2-768x1086.png 768w, http:\/\/www.groziodalia.lt\/wp-content\/uploads\/2023\/10\/Grozio-Dalia-2-1086x1536.png 1086w\" sizes=\"(max-width: 1414px) 100vw, 1414px\" \/><\/a>Sveiki atvyk\u0119 \u012f Gro\u017eio Dalia puslap\u012f!<\/h6>\n<h6>Tikiuosi Jums pavyks rasti tai ko ie\u0161kote, bet jei turite klausim\u0173 ar pasi\u016blym\u0173 &#8211; lauksiu j\u016bs\u0173 \u017einut\u0117s.<\/h6>\n<h6>Nor\u0117dami u\u017esira\u0161yti makia\u017eui ar pamokai ir su\u017einoti daugiau informacijos pra\u0161ome susisiekti:<\/h6>\n<h6>Tel.: 868689010<br \/>\ngroziodalia@gmail.com<br \/>\n<a href=\"http:\/\/www.facebook.com\/GrozioDalia\">www.facebook.com\/GrozioDalia<\/a><\/h6>\n<p>&nbsp;<\/p>\n<p>&nbsp;<\/p>\n<p>&nbsp;<\/p>\n","protected":false},"excerpt":{"rendered":"<p>Sveiki atvyk\u0119 \u012f Gro\u017eio Dalia puslap\u012f! Tikiuosi Jums pavyks rasti tai ko ie\u0161kote, bet jei turite klausim\u0173 ar pasi\u016blym\u0173 &#8211; lauksiu j\u016bs\u0173 \u017einut\u0117s. Nor\u0117dami u\u017esira\u0161yti makia\u017eui ar pamokai ir su\u017einoti daugiau informacijos pra\u0161ome susisiekti: Tel.: 868689010 groziodalia@gmail.com www.facebook.com\/GrozioDalia &nbsp; &nbsp; &nbsp;<\/p>\n","protected":false},"author":1,"featured_media":0,"parent":0,"menu_order":0,"comment_status":"closed","ping_status":"closed","template":"","meta":{"footnotes":""},"_links":{"self":[{"href":"http:\/\/www.groziodalia.lt\/index.php?rest_route=\/wp\/v2\/pages\/182"}],"collection":[{"href":"http:\/\/www.groziodalia.lt\/index.php?rest_route=\/wp\/v2\/pages"}],"about":[{"href":"http:\/\/www.groziodalia.lt\/index.php?rest_route=\/wp\/v2\/types\/page"}],"author":[{"embeddable":true,"href":"http:\/\/www.groziodalia.lt\/index.php?rest_route=\/wp\/v2\/users\/1"}],"replies":[{"embeddable":true,"href":"http:\/\/www.groziodalia.lt\/index.php?rest_route=%2Fwp%2Fv2%2Fcomments&post=182"}],"version-history":[{"count":41,"href":"http:\/\/www.groziodalia.lt\/index.php?rest_route=\/wp\/v2\/pages\/182\/revisions"}],"predecessor-version":[{"id":505,"href":"http:\/\/www.groziodalia.lt\/index.php?rest_route=\/wp\/v2\/pages\/182\/revisions\/505"}],"wp:attachment":[{"href":"http:\/\/www.groziodalia.lt\/index.php?rest_route=%2Fwp%2Fv2%2Fmedia&parent=182"}],"curies":[{"name":"wp","href":"https:\/\/api.w.org\/{rel}","templated":true}]}}