{"id":27,"date":"2019-02-01T17:23:22","date_gmt":"2019-02-01T17:23:22","guid":{"rendered":"http:\/\/www.groziodalia.lt\/?page_id=27"},"modified":"2019-04-06T21:30:40","modified_gmt":"2019-04-06T21:30:40","slug":"galerija","status":"publish","type":"page","link":"http:\/\/www.groziodalia.lt\/?page_id=27","title":{"rendered":"Galerija"},"content":{"rendered":"<p><a href=\"http:\/\/www.groziodalia.lt\/wp-content\/uploads\/2018\/02\/850x320-1.jpg\"><img decoding=\"async\" loading=\"lazy\" class=\"alignnone size-full wp-image-279\" src=\"http:\/\/www.groziodalia.lt\/wp-content\/uploads\/2018\/02\/850x320-1.jpg\" alt=\"\" width=\"850\" height=\"320\" srcset=\"http:\/\/www.groziodalia.lt\/wp-content\/uploads\/2018\/02\/850x320-1.jpg 850w, http:\/\/www.groziodalia.lt\/wp-content\/uploads\/2018\/02\/850x320-1-300x113.jpg 300w, http:\/\/www.groziodalia.lt\/wp-content\/uploads\/2018\/02\/850x320-1-768x289.jpg 768w\" sizes=\"(max-width: 850px) 100vw, 850px\" \/><\/a><\/p>\n<p><a href=\"http:\/\/www.groziodalia.lt\/wp-content\/uploads\/2019\/03\/55711641_2156147707833099_5840884196591009792_n.jpg\"><img decoding=\"async\" loading=\"lazy\" class=\"alignnone size-full wp-image-351\" src=\"http:\/\/www.groziodalia.lt\/wp-content\/uploads\/2019\/03\/55711641_2156147707833099_5840884196591009792_n.jpg\" alt=\"\" width=\"768\" height=\"960\" srcset=\"http:\/\/www.groziodalia.lt\/wp-content\/uploads\/2019\/03\/55711641_2156147707833099_5840884196591009792_n.jpg 768w, http:\/\/www.groziodalia.lt\/wp-content\/uploads\/2019\/03\/55711641_2156147707833099_5840884196591009792_n-240x300.jpg 240w\" sizes=\"(max-width: 768px) 100vw, 768px\" \/><\/a><\/p>\n<p><a href=\"http:\/\/www.groziodalia.lt\/wp-content\/uploads\/2019\/02\/joana-jlo-zvaigzdes-makiazas-w.jpg\"><img decoding=\"async\" loading=\"lazy\" class=\"alignnone size-full wp-image-337\" src=\"http:\/\/www.groziodalia.lt\/wp-content\/uploads\/2019\/02\/joana-jlo-zvaigzdes-makiazas-w.jpg\" alt=\"\" width=\"1333\" height=\"2000\" srcset=\"http:\/\/www.groziodalia.lt\/wp-content\/uploads\/2019\/02\/joana-jlo-zvaigzdes-makiazas-w.jpg 1333w, http:\/\/www.groziodalia.lt\/wp-content\/uploads\/2019\/02\/joana-jlo-zvaigzdes-makiazas-w-200x300.jpg 200w, http:\/\/www.groziodalia.lt\/wp-content\/uploads\/2019\/02\/joana-jlo-zvaigzdes-makiazas-w-768x1152.jpg 768w, http:\/\/www.groziodalia.lt\/wp-content\/uploads\/2019\/02\/joana-jlo-zvaigzdes-makiazas-w-682x1024.jpg 682w\" sizes=\"(max-width: 1333px) 100vw, 1333px\" \/><\/a><\/p>\n<p><a href=\"http:\/\/www.groziodalia.lt\/wp-content\/uploads\/2018\/01\/IMG_4839-fsft.jpg\"><img decoding=\"async\" loading=\"lazy\" class=\"alignnone size-full wp-image-220\" src=\"http:\/\/www.groziodalia.lt\/wp-content\/uploads\/2018\/01\/IMG_4839-fsft.jpg\" alt=\"\" width=\"1664\" height=\"2496\" srcset=\"http:\/\/www.groziodalia.lt\/wp-content\/uploads\/2018\/01\/IMG_4839-fsft.jpg 1664w, http:\/\/www.groziodalia.lt\/wp-content\/uploads\/2018\/01\/IMG_4839-fsft-200x300.jpg 200w, http:\/\/www.groziodalia.lt\/wp-content\/uploads\/2018\/01\/IMG_4839-fsft-768x1152.jpg 768w, http:\/\/www.groziodalia.lt\/wp-content\/uploads\/2018\/01\/IMG_4839-fsft-683x1024.jpg 683w\" sizes=\"(max-width: 1664px) 100vw, 1664px\" \/><\/a><\/p>\n<p><a href=\"http:\/\/www.groziodalia.lt\/wp-content\/uploads\/2016\/07\/10606526_647744138673471_2707560479648466052_n.jpg\"><img decoding=\"async\" loading=\"lazy\" class=\"alignnone size-full wp-image-129\" src=\"http:\/\/www.groziodalia.lt\/wp-content\/uploads\/2016\/07\/10606526_647744138673471_2707560479648466052_n.jpg\" alt=\"\" width=\"628\" height=\"610\" srcset=\"http:\/\/www.groziodalia.lt\/wp-content\/uploads\/2016\/07\/10606526_647744138673471_2707560479648466052_n.jpg 628w, http:\/\/www.groziodalia.lt\/wp-content\/uploads\/2016\/07\/10606526_647744138673471_2707560479648466052_n-300x291.jpg 300w\" sizes=\"(max-width: 628px) 100vw, 628px\" \/><\/a><\/p>\n<p><a href=\"http:\/\/www.groziodalia.lt\/wp-content\/uploads\/2019\/04\/55875583_2169659919815211_6953370349337575424_n.jpg\"><img decoding=\"async\" loading=\"lazy\" class=\"alignnone size-full wp-image-388\" src=\"http:\/\/www.groziodalia.lt\/wp-content\/uploads\/2019\/04\/55875583_2169659919815211_6953370349337575424_n.jpg\" alt=\"\" width=\"960\" height=\"646\" srcset=\"http:\/\/www.groziodalia.lt\/wp-content\/uploads\/2019\/04\/55875583_2169659919815211_6953370349337575424_n.jpg 960w, http:\/\/www.groziodalia.lt\/wp-content\/uploads\/2019\/04\/55875583_2169659919815211_6953370349337575424_n-300x202.jpg 300w, http:\/\/www.groziodalia.lt\/wp-content\/uploads\/2019\/04\/55875583_2169659919815211_6953370349337575424_n-768x517.jpg 768w\" sizes=\"(max-width: 960px) 100vw, 960px\" \/><\/a><\/p>\n<h5>Daugiau darb\u0173 galite pamatyti <a href=\"http:\/\/groziodalia.blogspot.lt\/2013\/05\/kodel-verta-daryti-vestuvini-makiaza.html\"><strong>\u010cIA<\/strong><br \/>\n<\/a><a title=\"Blog\u0105\" href=\"http:\/\/daliasbeautyroom.blogspot.com\/2013\/05\/kodel-verta-daryti-vestuvini-makiaza.html\"><br \/>\n<\/a>Taip pat daugiau nuotrauk\u0173 galite rasti m\u016bs\u0173\u00a0<em><strong><a href=\"http:\/\/facebook.com\/GrozioDalia\">Facebook<\/a><\/strong><\/em>\u00a0ir <strong><a href=\"https:\/\/www.instagram.com\/daliachapmanbeauty\/\"><em>Instagram<\/em><\/a><\/strong> puslpapiuose.<\/h5>\n<p>&nbsp;<\/p>\n<p>&nbsp;<\/p>\n<p>&nbsp;<\/p>\n<p>&nbsp;<\/p>\n<p>&nbsp;<\/p>\n<p>&nbsp;<\/p>\n<p>&nbsp;<\/p>\n<p>&nbsp;<\/p>\n<p>makiazas kaune, grimas kaune, proginis makiazas kaune, vizaziste kaune, visaziste kaunas, visaziste kaunas, kaune, vestuves kaune, vestuviu planavimas, jaunosios manikiuras, pedikiuras, makiazas centre, grozio proceduros centras kaunas, salonas laisves aleja, makiazas laisves aleja, manikiuras laisves aleja, gelinis lakavimas kaunas kaune centras, ilgalaikis lakavimas, jessica nails kaunas, lietuva, makiazas lietuva, vestuves lietuva, individualios makiazo pamokos, makiazo pamokos sau, makiazas sau, profesionalus makiazas, mergvakaris, mergvakario makiazas, vestuviu makiazas, vestuvinis makiazas, jaunosios makiazas, vestuves kaune, vestuviu planavimas, vakarinis makiazas kaune, depiliacija, veido depiliacija, depiliacija vasku, antakiu prieziura, antakiu formavimas kaune<\/p>\n","protected":false},"excerpt":{"rendered":"<p>Daugiau darb\u0173 galite pamatyti \u010cIA Taip pat daugiau nuotrauk\u0173 galite rasti m\u016bs\u0173\u00a0Facebook\u00a0ir Instagram puslpapiuose. &nbsp; &nbsp; &nbsp; &nbsp; &nbsp; &nbsp; &nbsp; &nbsp; makiazas kaune, grimas kaune, proginis makiazas kaune, vizaziste kaune, visaziste kaunas, visaziste kaunas, kaune, vestuves kaune, vestuviu planavimas, jaunosios manikiuras, pedikiuras, makiazas centre, grozio proceduros centras kaunas, salonas laisves aleja, makiazas laisves aleja, [&hellip;]<\/p>\n","protected":false},"author":1,"featured_media":0,"parent":0,"menu_order":0,"comment_status":"closed","ping_status":"closed","template":"","meta":{"footnotes":""},"_links":{"self":[{"href":"http:\/\/www.groziodalia.lt\/index.php?rest_route=\/wp\/v2\/pages\/27"}],"collection":[{"href":"http:\/\/www.groziodalia.lt\/index.php?rest_route=\/wp\/v2\/pages"}],"about":[{"href":"http:\/\/www.groziodalia.lt\/index.php?rest_route=\/wp\/v2\/types\/page"}],"author":[{"embeddable":true,"href":"http:\/\/www.groziodalia.lt\/index.php?rest_route=\/wp\/v2\/users\/1"}],"replies":[{"embeddable":true,"href":"http:\/\/www.groziodalia.lt\/index.php?rest_route=%2Fwp%2Fv2%2Fcomments&post=27"}],"version-history":[{"count":16,"href":"http:\/\/www.groziodalia.lt\/index.php?rest_route=\/wp\/v2\/pages\/27\/revisions"}],"predecessor-version":[{"id":414,"href":"http:\/\/www.groziodalia.lt\/index.php?rest_route=\/wp\/v2\/pages\/27\/revisions\/414"}],"wp:attachment":[{"href":"http:\/\/www.groziodalia.lt\/index.php?rest_route=%2Fwp%2Fv2%2Fmedia&parent=27"}],"curies":[{"name":"wp","href":"https:\/\/api.w.org\/{rel}","templated":true}]}}