{"id":287,"date":"2019-02-01T09:39:48","date_gmt":"2019-02-01T09:39:48","guid":{"rendered":"http:\/\/www.groziodalia.lt\/?page_id=287"},"modified":"2019-10-01T16:15:46","modified_gmt":"2019-10-01T16:15:46","slug":"blogas","status":"publish","type":"page","link":"http:\/\/www.groziodalia.lt\/?page_id=287","title":{"rendered":"Blogas"},"content":{"rendered":"<p><a href=\"http:\/\/www.groziodalia.lt\/wp-content\/uploads\/2018\/02\/10642888_953893501292251_1314108032_o.jpg\"><img decoding=\"async\" loading=\"lazy\" class=\"alignnone size-full wp-image-285\" src=\"http:\/\/www.groziodalia.lt\/wp-content\/uploads\/2018\/02\/10642888_953893501292251_1314108032_o.jpg\" alt=\"\" width=\"2048\" height=\"1363\" srcset=\"http:\/\/www.groziodalia.lt\/wp-content\/uploads\/2018\/02\/10642888_953893501292251_1314108032_o.jpg 2048w, http:\/\/www.groziodalia.lt\/wp-content\/uploads\/2018\/02\/10642888_953893501292251_1314108032_o-300x200.jpg 300w, http:\/\/www.groziodalia.lt\/wp-content\/uploads\/2018\/02\/10642888_953893501292251_1314108032_o-768x511.jpg 768w, http:\/\/www.groziodalia.lt\/wp-content\/uploads\/2018\/02\/10642888_953893501292251_1314108032_o-1024x682.jpg 1024w\" sizes=\"(max-width: 2048px) 100vw, 2048px\" \/><\/a><\/p>\n<h5>Dar daugiau pamatyti ir skaityti kvie\u010diame prisijungti prie m\u016bs\u0173<strong> <a href=\"http:\/\/groziodalia.blogspot.lt\/\">BLOG&#8217;o<\/a><\/strong><\/h5>\n","protected":false},"excerpt":{"rendered":"<p>Dar daugiau pamatyti ir skaityti kvie\u010diame prisijungti prie m\u016bs\u0173 BLOG&#8217;o<\/p>\n","protected":false},"author":1,"featured_media":0,"parent":0,"menu_order":0,"comment_status":"closed","ping_status":"closed","template":"","meta":{"footnotes":""},"_links":{"self":[{"href":"http:\/\/www.groziodalia.lt\/index.php?rest_route=\/wp\/v2\/pages\/287"}],"collection":[{"href":"http:\/\/www.groziodalia.lt\/index.php?rest_route=\/wp\/v2\/pages"}],"about":[{"href":"http:\/\/www.groziodalia.lt\/index.php?rest_route=\/wp\/v2\/types\/page"}],"author":[{"embeddable":true,"href":"http:\/\/www.groziodalia.lt\/index.php?rest_route=\/wp\/v2\/users\/1"}],"replies":[{"embeddable":true,"href":"http:\/\/www.groziodalia.lt\/index.php?rest_route=%2Fwp%2Fv2%2Fcomments&post=287"}],"version-history":[{"count":9,"href":"http:\/\/www.groziodalia.lt\/index.php?rest_route=\/wp\/v2\/pages\/287\/revisions"}],"predecessor-version":[{"id":406,"href":"http:\/\/www.groziodalia.lt\/index.php?rest_route=\/wp\/v2\/pages\/287\/revisions\/406"}],"wp:attachment":[{"href":"http:\/\/www.groziodalia.lt\/index.php?rest_route=%2Fwp%2Fv2%2Fmedia&parent=287"}],"curies":[{"name":"wp","href":"https:\/\/api.w.org\/{rel}","templated":true}]}}