{"id":322,"date":"2019-09-28T17:54:30","date_gmt":"2019-09-28T17:54:30","guid":{"rendered":"http:\/\/www.groziodalia.lt\/?page_id=322"},"modified":"2023-10-28T20:20:43","modified_gmt":"2023-10-28T20:20:43","slug":"makiazo-pamokos","status":"publish","type":"page","link":"http:\/\/www.groziodalia.lt\/?page_id=322","title":{"rendered":"Makia\u017eo Pamokos"},"content":{"rendered":"<h6 class=\"p1\"><a href=\"http:\/\/www.groziodalia.lt\/wp-content\/uploads\/2019\/10\/Makiazo-kursai-pamokos-kaune-w.jpg\"><img decoding=\"async\" loading=\"lazy\" class=\"alignnone size-full wp-image-445\" src=\"http:\/\/www.groziodalia.lt\/wp-content\/uploads\/2019\/10\/Makiazo-kursai-pamokos-kaune-w.jpg\" alt=\"\" width=\"1500\" height=\"1180\" srcset=\"http:\/\/www.groziodalia.lt\/wp-content\/uploads\/2019\/10\/Makiazo-kursai-pamokos-kaune-w.jpg 1500w, http:\/\/www.groziodalia.lt\/wp-content\/uploads\/2019\/10\/Makiazo-kursai-pamokos-kaune-w-300x236.jpg 300w, http:\/\/www.groziodalia.lt\/wp-content\/uploads\/2019\/10\/Makiazo-kursai-pamokos-kaune-w-768x604.jpg 768w, http:\/\/www.groziodalia.lt\/wp-content\/uploads\/2019\/10\/Makiazo-kursai-pamokos-kaune-w-1024x806.jpg 1024w\" sizes=\"(max-width: 1500px) 100vw, 1500px\" \/><\/a>Puikiai atliktas makia\u017eas Jums pad\u0117s ne tik geriau atrodyti, bet ir geriau jaustis. Profesionalios viza\u017eist\u0117s individuali makia\u017eo meistri\u0161kumo pamoka leis jums su\u017einoti \u012fvari\u0173 makia\u017eo patarim\u0173 ir gudrybi\u0173. Mes sukursime ir parodysime tik tau tinkant\u012f makia\u017eo \u012fvaizd\u012f. Pamokos metu atliksime <i>DIENIN\u012e<\/i> ir <i>VAKARIN\u012e<\/i> makia\u017e\u0105 su &#8216;\u017eingsnis po \u017eingsnio&#8217; instrukcijomis, kurias poto gal\u0117site kartu pasiimti su savimi. M\u016bs\u0173 tikslas yra pad\u0117ti atskleisti j\u016bs\u0173 nat\u016bral\u0173 gro\u017e\u012f, i\u0161ry\u0161kinti bruo\u017eus ir kad i\u0161\u0117j\u0119 po pamokos jaustum\u0117t\u0117s motyvuota ir pilna pasitik\u0117jimo gr\u012f\u017eus ir toliau da\u017eytis. Po keli\u0173 valand\u0173 teorini\u0173 ir praktini\u0173 mokym\u0173 dien\u0105 u\u017ebaigsite su \u0161ventiniu vakariniu makia\u017eu.<br \/>\nPamokos galimos u\u017esisakyti individualiai arba grup\u0117se po du ar daugiau \u017emoni\u0173. D\u0117l mokinim\u0173 didesniai grupei nei du \u017emon\u0117s ar pamok\u0173 gimtadienio, mergvakario, vakar\u0117lio \u0161ventei pra\u0161au susisiekti groziodalia@gmail.com|<\/p>\n<p><a href=\"http:\/\/www.groziodalia.lt\/wp-content\/uploads\/2023\/10\/makiazo-pamoka-kursai-kaune-w.jpg\"><img decoding=\"async\" loading=\"lazy\" class=\"alignnone size-full wp-image-501\" src=\"http:\/\/www.groziodalia.lt\/wp-content\/uploads\/2023\/10\/makiazo-pamoka-kursai-kaune-w.jpg\" alt=\"\" width=\"1500\" height=\"1670\" srcset=\"http:\/\/www.groziodalia.lt\/wp-content\/uploads\/2023\/10\/makiazo-pamoka-kursai-kaune-w.jpg 1500w, http:\/\/www.groziodalia.lt\/wp-content\/uploads\/2023\/10\/makiazo-pamoka-kursai-kaune-w-269x300.jpg 269w, http:\/\/www.groziodalia.lt\/wp-content\/uploads\/2023\/10\/makiazo-pamoka-kursai-kaune-w-920x1024.jpg 920w, http:\/\/www.groziodalia.lt\/wp-content\/uploads\/2023\/10\/makiazo-pamoka-kursai-kaune-w-768x855.jpg 768w, http:\/\/www.groziodalia.lt\/wp-content\/uploads\/2023\/10\/makiazo-pamoka-kursai-kaune-w-1380x1536.jpg 1380w\" sizes=\"(max-width: 1500px) 100vw, 1500px\" \/><\/a><br \/>\n<a href=\"http:\/\/www.groziodalia.lt\/wp-content\/uploads\/2023\/10\/makiazo-kursai-kaunas-w-2.jpeg\"><img decoding=\"async\" loading=\"lazy\" class=\"alignnone size-full wp-image-499\" src=\"http:\/\/www.groziodalia.lt\/wp-content\/uploads\/2023\/10\/makiazo-kursai-kaunas-w-2.jpeg\" alt=\"\" width=\"1500\" height=\"2038\" srcset=\"http:\/\/www.groziodalia.lt\/wp-content\/uploads\/2023\/10\/makiazo-kursai-kaunas-w-2.jpeg 1500w, http:\/\/www.groziodalia.lt\/wp-content\/uploads\/2023\/10\/makiazo-kursai-kaunas-w-2-221x300.jpeg 221w, http:\/\/www.groziodalia.lt\/wp-content\/uploads\/2023\/10\/makiazo-kursai-kaunas-w-2-754x1024.jpeg 754w, http:\/\/www.groziodalia.lt\/wp-content\/uploads\/2023\/10\/makiazo-kursai-kaunas-w-2-768x1043.jpeg 768w, http:\/\/www.groziodalia.lt\/wp-content\/uploads\/2023\/10\/makiazo-kursai-kaunas-w-2-1131x1536.jpeg 1131w\" sizes=\"(max-width: 1500px) 100vw, 1500px\" \/><\/a><\/h6>\n<p>&nbsp;<\/p>\n","protected":false},"excerpt":{"rendered":"<p>Puikiai atliktas makia\u017eas Jums pad\u0117s ne tik geriau atrodyti, bet ir geriau jaustis. Profesionalios viza\u017eist\u0117s individuali makia\u017eo meistri\u0161kumo pamoka leis jums su\u017einoti \u012fvari\u0173 makia\u017eo patarim\u0173 ir gudrybi\u0173. Mes sukursime ir parodysime tik tau tinkant\u012f makia\u017eo \u012fvaizd\u012f. Pamokos metu atliksime DIENIN\u012e ir VAKARIN\u012e makia\u017e\u0105 su &#8216;\u017eingsnis po \u017eingsnio&#8217; instrukcijomis, kurias poto gal\u0117site kartu pasiimti su savimi. [&hellip;]<\/p>\n","protected":false},"author":1,"featured_media":0,"parent":0,"menu_order":0,"comment_status":"closed","ping_status":"closed","template":"","meta":{"footnotes":""},"_links":{"self":[{"href":"http:\/\/www.groziodalia.lt\/index.php?rest_route=\/wp\/v2\/pages\/322"}],"collection":[{"href":"http:\/\/www.groziodalia.lt\/index.php?rest_route=\/wp\/v2\/pages"}],"about":[{"href":"http:\/\/www.groziodalia.lt\/index.php?rest_route=\/wp\/v2\/types\/page"}],"author":[{"embeddable":true,"href":"http:\/\/www.groziodalia.lt\/index.php?rest_route=\/wp\/v2\/users\/1"}],"replies":[{"embeddable":true,"href":"http:\/\/www.groziodalia.lt\/index.php?rest_route=%2Fwp%2Fv2%2Fcomments&post=322"}],"version-history":[{"count":41,"href":"http:\/\/www.groziodalia.lt\/index.php?rest_route=\/wp\/v2\/pages\/322\/revisions"}],"predecessor-version":[{"id":502,"href":"http:\/\/www.groziodalia.lt\/index.php?rest_route=\/wp\/v2\/pages\/322\/revisions\/502"}],"wp:attachment":[{"href":"http:\/\/www.groziodalia.lt\/index.php?rest_route=%2Fwp%2Fv2%2Fmedia&parent=322"}],"curies":[{"name":"wp","href":"https:\/\/api.w.org\/{rel}","templated":true}]}}